{"id":86,"date":"2023-11-13T19:58:18","date_gmt":"2023-11-13T18:58:18","guid":{"rendered":"https:\/\/lolicandle.fr\/?page_id=86"},"modified":"2025-08-11T10:26:50","modified_gmt":"2025-08-11T09:26:50","slug":"bougies","status":"publish","type":"page","link":"https:\/\/lolicandle.fr\/?page_id=86","title":{"rendered":"Bougies"},"content":{"rendered":"<p>[et_pb_section fb_built=\u00a0\u00bb1&Prime; _builder_version=\u00a0\u00bb4.27.4&Prime; _module_preset=\u00a0\u00bbdefault\u00a0\u00bb use_background_color_gradient=\u00a0\u00bbon\u00a0\u00bb background_color_gradient_stops=\u00a0\u00bb#2b87da 0%|#29c4a9 78%\u00a0\u00bb background_image=\u00a0\u00bbhttps:\/\/lolicandle.fr\/wp-content\/uploads\/2025\/06\/263f3fb7-4949-4526-aec9-71a671a1b02a1.jpeg\u00a0\u00bb global_colors_info=\u00a0\u00bb{}\u00a0\u00bb][et_pb_row column_structure=\u00a0\u00bb1_4,1_4,1_4,1_4&Prime; _builder_version=\u00a0\u00bb4.27.2&Prime; _module_preset=\u00a0\u00bbdefault\u00a0\u00bb background_color=\u00a0\u00bbRGBA(255,255,255,0)\u00a0\u00bb global_colors_info=\u00a0\u00bb{}\u00a0\u00bb][et_pb_column type=\u00a0\u00bb1_4&Prime; _builder_version=\u00a0\u00bb4.23.1&Prime; _module_preset=\u00a0\u00bbdefault\u00a0\u00bb global_colors_info=\u00a0\u00bb{}\u00a0\u00bb][et_pb_image src=\u00a0\u00bbhttps:\/\/lolicandle.fr\/wp-content\/uploads\/2023\/12\/BOUGIE-GOURMANDE-CARAMEL-BEURRE-SALE-187X250-1.jpg\u00a0\u00bb title_text=\u00a0\u00bbBOUGIE GOURMANDE CARAMEL BEURRE SALE 187X250&Prime; align=\u00a0\u00bbcenter\u00a0\u00bb _builder_version=\u00a0\u00bb4.27.2&Prime; _module_preset=\u00a0\u00bbdefault\u00a0\u00bb background_color=\u00a0\u00bbRGBA(255,255,255,0)\u00a0\u00bb border_width_all=\u00a0\u00bb7px\u00a0\u00bb border_color_all=\u00a0\u00bb#FFFFFF\u00a0\u00bb border_style_bottom=\u00a0\u00bbridge\u00a0\u00bb global_colors_info=\u00a0\u00bb{}\u00a0\u00bb][\/et_pb_image][et_pb_text _builder_version=\u00a0\u00bb4.27.2&Prime; _module_preset=\u00a0\u00bbdefault\u00a0\u00bb background_color=\u00a0\u00bb#FFFFFF\u00a0\u00bb border_width_top=\u00a0\u00bb4px\u00a0\u00bb border_color_top=\u00a0\u00bb#e32b73&Prime; border_width_bottom=\u00a0\u00bb4px\u00a0\u00bb border_color_bottom=\u00a0\u00bb#e32b73&Prime; global_colors_info=\u00a0\u00bb{}\u00a0\u00bb]<\/p>\n<h2 style=\"text-align: center;\">Caramel beurre sal\u00e9<\/h2>\n<p>[\/et_pb_text][et_pb_text _builder_version=\u00a0\u00bb4.27.4&Prime; _module_preset=\u00a0\u00bbdefault\u00a0\u00bb background_color=\u00a0\u00bb#FFFFFF\u00a0\u00bb hover_enabled=\u00a0\u00bb0&Prime; global_colors_info=\u00a0\u00bb{}\u00a0\u00bb sticky_enabled=\u00a0\u00bb0&Prime;]<\/p>\n<p style=\"padding-left: 40px;\"><span style=\"color: #ff00ff;\">Composition:<\/span> m\u00e9lange de cire v\u00e9g\u00e9tale ( cire de soja et colza), parfum, colorant, m\u00e8che en bois de cerisier (grande taille), m\u00e8che en papier (petite taille)<\/p>\n<p style=\"padding-left: 40px;\"><span style=\"color: #ff00ff;\">Note:<\/span><span> Alimentaire \/ Vanill\u00e9e \/ Caramel<\/span><\/p>\n<p style=\"padding-left: 40px;\"><span style=\"color: #ff00ff;\">Poids:<\/span> 400g la grande, 100g la petite<\/p>\n<p style=\"padding-left: 40px;\"><span style=\"color: #ff00ff;\">Prix:<\/span> 20\u20ac la grande, 10\u20ac la petite (<a href=\"https:\/\/lolicandle.fr\/?page_id=163\">frais de port<\/a><span>\u00a0<\/span>non inclus)<\/p>\n<p style=\"padding-left: 40px;\">\n<p style=\"padding-left: 40px;\">\n<p>[\/et_pb_text][\/et_pb_column][et_pb_column type=\u00a0\u00bb1_4&Prime; _builder_version=\u00a0\u00bb4.23.1&Prime; _module_preset=\u00a0\u00bbdefault\u00a0\u00bb global_colors_info=\u00a0\u00bb{}\u00a0\u00bb][et_pb_image src=\u00a0\u00bbhttps:\/\/lolicandle.fr\/wp-content\/uploads\/2024\/10\/TARTE-CITRON-MERINGUE2024.jpg\u00a0\u00bb title_text=\u00a0\u00bbTARTE CITRON MERINGUE2024&Prime; align=\u00a0\u00bbcenter\u00a0\u00bb _builder_version=\u00a0\u00bb4.27.2&Prime; _module_preset=\u00a0\u00bbdefault\u00a0\u00bb border_width_all=\u00a0\u00bb7px\u00a0\u00bb border_color_all=\u00a0\u00bb#FFFFFF\u00a0\u00bb border_style_all=\u00a0\u00bbridge\u00a0\u00bb global_colors_info=\u00a0\u00bb{}\u00a0\u00bb][\/et_pb_image][et_pb_text _builder_version=\u00a0\u00bb4.27.2&Prime; _module_preset=\u00a0\u00bbdefault\u00a0\u00bb background_color=\u00a0\u00bb#FFFFFF\u00a0\u00bb border_color_all=\u00a0\u00bb#e32b73&Prime; border_width_top=\u00a0\u00bb4px\u00a0\u00bb border_width_bottom=\u00a0\u00bb4px\u00a0\u00bb global_colors_info=\u00a0\u00bb{}\u00a0\u00bb]<\/p>\n<h2 style=\"text-align: center;\">Citron meringu\u00e9<\/h2>\n<p>[\/et_pb_text][et_pb_text _builder_version=\u00a0\u00bb4.27.4&Prime; _module_preset=\u00a0\u00bbdefault\u00a0\u00bb background_color=\u00a0\u00bb#FFFFFF\u00a0\u00bb hover_enabled=\u00a0\u00bb0&Prime; global_colors_info=\u00a0\u00bb{}\u00a0\u00bb sticky_enabled=\u00a0\u00bb0&Prime;]<\/p>\n<p style=\"padding-left: 40px;\"><span style=\"color: #ff00ff;\">Composition:<\/span> m\u00e9lange de cire v\u00e9g\u00e9tale ( cire de soja et colza), parfum, colorant, m\u00e8che en bois de cerisier (grande taille), m\u00e8che en papier (petite taille)<\/p>\n<p style=\"padding-left: 40px;\"><span style=\"color: #ff00ff;\">Note:<\/span><span> zeste de citron\/accord acidul\u00e9<\/span><\/p>\n<p style=\"padding-left: 40px;\"><span style=\"color: #ff00ff;\">Poids:<\/span> 400g la grande, 100g la petite<\/p>\n<p style=\"padding-left: 40px;\"><span style=\"color: #ff00ff;\">Prix:<\/span> 20\u20ac la grande, 10\u20ac la petite (<a href=\"https:\/\/lolicandle.fr\/?page_id=163\">frais de port<\/a><span>\u00a0<\/span>non inclus)<\/p>\n<p style=\"padding-left: 40px;\">\n<p style=\"padding-left: 40px;\">\n<p>[\/et_pb_text][\/et_pb_column][et_pb_column type=\u00a0\u00bb1_4&Prime; _builder_version=\u00a0\u00bb4.23.1&Prime; _module_preset=\u00a0\u00bbdefault\u00a0\u00bb global_colors_info=\u00a0\u00bb{}\u00a0\u00bb][et_pb_image src=\u00a0\u00bbhttps:\/\/lolicandle.fr\/wp-content\/uploads\/2024\/04\/BOUGIE-BONBON-SCHTROUMPF-187X250.png\u00a0\u00bb title_text=\u00a0\u00bbBOUGIE BONBON SCHTROUMPF 187X250&Prime; align=\u00a0\u00bbcenter\u00a0\u00bb _builder_version=\u00a0\u00bb4.27.2&Prime; _module_preset=\u00a0\u00bbdefault\u00a0\u00bb border_width_all=\u00a0\u00bb7px\u00a0\u00bb border_color_all=\u00a0\u00bb#FFFFFF\u00a0\u00bb border_style_all=\u00a0\u00bbridge\u00a0\u00bb global_colors_info=\u00a0\u00bb{}\u00a0\u00bb][\/et_pb_image][et_pb_text _builder_version=\u00a0\u00bb4.27.2&Prime; _module_preset=\u00a0\u00bbdefault\u00a0\u00bb background_color=\u00a0\u00bb#FFFFFF\u00a0\u00bb border_width_top=\u00a0\u00bb4px\u00a0\u00bb border_color_top=\u00a0\u00bb#e32b73&Prime; border_width_bottom=\u00a0\u00bb4px\u00a0\u00bb border_color_bottom=\u00a0\u00bb#e32b73&Prime; global_colors_info=\u00a0\u00bb{}\u00a0\u00bb]<\/p>\n<h2 style=\"text-align: center;\">Bonbons schtroumpfs<\/h2>\n<p>[\/et_pb_text][et_pb_text _builder_version=\u00a0\u00bb4.27.4&Prime; _module_preset=\u00a0\u00bbdefault\u00a0\u00bb background_color=\u00a0\u00bb#FFFFFF\u00a0\u00bb hover_enabled=\u00a0\u00bb0&Prime; global_colors_info=\u00a0\u00bb{}\u00a0\u00bb sticky_enabled=\u00a0\u00bb0&Prime;]<\/p>\n<p style=\"padding-left: 40px;\"><span style=\"color: #ff00ff;\">Composition:<\/span> m\u00e9lange de cire v\u00e9g\u00e9tale ( cire de soja et colza), parfum, colorant, m\u00e8che en bois de cerisier (grande taille), m\u00e8che en papier (petite taille)<\/p>\n<p style=\"padding-left: 40px;\"><span style=\"color: #ff00ff;\">Note:<\/span><span> Fruit\u00e9e \/ Gourmandes<\/span><\/p>\n<p style=\"padding-left: 40px;\"><span style=\"color: #ff00ff;\">Poids:<\/span> 400g la grande, 100g la petite<\/p>\n<p style=\"padding-left: 40px;\"><span style=\"color: #ff00ff;\">Prix:<\/span> 20\u20ac la grande, 10\u20ac la petite (<a href=\"https:\/\/lolicandle.fr\/?page_id=163\">frais de port<\/a><span>\u00a0<\/span>non inclus)<\/p>\n<p style=\"padding-left: 40px;\">\n<p style=\"padding-left: 40px;\">\n<p>[\/et_pb_text][\/et_pb_column][et_pb_column type=\u00a0\u00bb1_4&Prime; _builder_version=\u00a0\u00bb4.23.1&Prime; _module_preset=\u00a0\u00bbdefault\u00a0\u00bb global_colors_info=\u00a0\u00bb{}\u00a0\u00bb][et_pb_image src=\u00a0\u00bbhttps:\/\/lolicandle.fr\/wp-content\/uploads\/2024\/06\/BOUGIES-FRUITS-ROUGES-DUO-187X250.png\u00a0\u00bb title_text=\u00a0\u00bbBOUGIES FRUITS ROUGES DUO 187X250&Prime; align=\u00a0\u00bbcenter\u00a0\u00bb _builder_version=\u00a0\u00bb4.27.2&Prime; _module_preset=\u00a0\u00bbdefault\u00a0\u00bb border_width_all=\u00a0\u00bb7px\u00a0\u00bb border_color_all=\u00a0\u00bb#FFFFFF\u00a0\u00bb border_style_all=\u00a0\u00bbridge\u00a0\u00bb global_colors_info=\u00a0\u00bb{}\u00a0\u00bb][\/et_pb_image][et_pb_text _builder_version=\u00a0\u00bb4.27.2&Prime; _module_preset=\u00a0\u00bbdefault\u00a0\u00bb background_color=\u00a0\u00bb#FFFFFF\u00a0\u00bb border_width_top=\u00a0\u00bb4px\u00a0\u00bb border_color_top=\u00a0\u00bb#e32b73&Prime; border_width_bottom=\u00a0\u00bb4px\u00a0\u00bb border_color_bottom=\u00a0\u00bb#e32b73&Prime; global_colors_info=\u00a0\u00bb{}\u00a0\u00bb]<\/p>\n<h2 style=\"text-align: center;\">Fruits rouges<\/h2>\n<p>[\/et_pb_text][et_pb_text _builder_version=\u00a0\u00bb4.27.4&Prime; _module_preset=\u00a0\u00bbdefault\u00a0\u00bb background_color=\u00a0\u00bb#FFFFFF\u00a0\u00bb custom_padding=\u00a0\u00bb||28px|||\u00a0\u00bb hover_enabled=\u00a0\u00bb0&Prime; global_colors_info=\u00a0\u00bb{}\u00a0\u00bb sticky_enabled=\u00a0\u00bb0&Prime;]<\/p>\n<p style=\"padding-left: 40px;\"><span style=\"color: #ff00ff;\">Composition:<\/span> m\u00e9lange de cire v\u00e9g\u00e9tale ( cire de soja et colza), parfum, colorant, m\u00e8che en bois de cerisier (grande taille), m\u00e8che en papier (petite taille)<\/p>\n<p style=\"padding-left: 40px;\"><span style=\"color: #ff00ff;\">Note:<\/span> <span>Florale \/ Fruit rouge \/ Gourmandes<\/span><\/p>\n<p style=\"padding-left: 40px;\"><span style=\"color: #ff00ff;\">Poids:<\/span> 400g la grande, 100g la petite<\/p>\n<p style=\"padding-left: 40px;\"><span style=\"color: #ff00ff;\">Prix:<\/span> 20\u20ac la grande, 10\u20ac la petite (<a href=\"https:\/\/lolicandle.fr\/?page_id=163\">frais de port<\/a><span>\u00a0<\/span>non inclus)<\/p>\n<p>[\/et_pb_text][\/et_pb_column][\/et_pb_row][et_pb_row column_structure=\u00a0\u00bb1_4,1_4,1_4,1_4&Prime; _builder_version=\u00a0\u00bb4.25.1&Prime; _module_preset=\u00a0\u00bbdefault\u00a0\u00bb global_colors_info=\u00a0\u00bb{}\u00a0\u00bb][et_pb_column type=\u00a0\u00bb1_4&Prime; _builder_version=\u00a0\u00bb4.25.1&Prime; _module_preset=\u00a0\u00bbdefault\u00a0\u00bb global_colors_info=\u00a0\u00bb{}\u00a0\u00bb][et_pb_image src=\u00a0\u00bbhttps:\/\/lolicandle.fr\/wp-content\/uploads\/2024\/05\/BOUGIE-FRAISE-187X246.png\u00a0\u00bb title_text=\u00a0\u00bbBOUGIE FRAISE 187X246&Prime; align=\u00a0\u00bbcenter\u00a0\u00bb _builder_version=\u00a0\u00bb4.27.2&Prime; _module_preset=\u00a0\u00bbdefault\u00a0\u00bb border_width_all=\u00a0\u00bb7px\u00a0\u00bb border_color_all=\u00a0\u00bb#FFFFFF\u00a0\u00bb border_style_all=\u00a0\u00bbridge\u00a0\u00bb global_colors_info=\u00a0\u00bb{}\u00a0\u00bb][\/et_pb_image][et_pb_text _builder_version=\u00a0\u00bb4.27.2&Prime; _module_preset=\u00a0\u00bbdefault\u00a0\u00bb background_color=\u00a0\u00bb#FFFFFF\u00a0\u00bb border_width_top=\u00a0\u00bb4px\u00a0\u00bb border_color_top=\u00a0\u00bb#e32b73&Prime; border_width_bottom=\u00a0\u00bb4px\u00a0\u00bb border_color_bottom=\u00a0\u00bb#e32b73&Prime; global_colors_info=\u00a0\u00bb{}\u00a0\u00bb]<\/p>\n<h2 style=\"text-align: center;\">Fraise<\/h2>\n<p>[\/et_pb_text][et_pb_text _builder_version=\u00a0\u00bb4.27.4&Prime; _module_preset=\u00a0\u00bbdefault\u00a0\u00bb background_color=\u00a0\u00bb#FFFFFF\u00a0\u00bb global_colors_info=\u00a0\u00bb{}\u00a0\u00bb]<\/p>\n<p style=\"padding-left: 40px;\"><span style=\"color: #ff00ff;\">Composition:<\/span> m\u00e9lange de cire v\u00e9g\u00e9tale ( cire de soja et colza), parfum, colorant, m\u00e8che en bois de cerisier (grande taille), m\u00e8che en papier (petite taille), paillettes biod\u00e9gradables<\/p>\n<p style=\"padding-left: 40px;\"><span style=\"color: #ff00ff;\">Note:<\/span> F<span>raise\/Fraise des bois<\/span><\/p>\n<p style=\"padding-left: 40px;\"><span style=\"color: #ff00ff;\">Poids:<\/span> 400g la grande, 100g la petite<\/p>\n<p style=\"padding-left: 40px;\"><span style=\"color: #ff00ff;\">Prix:<\/span> 20\u20ac la grande, 10\u20ac la petite (<a href=\"https:\/\/lolicandle.fr\/?page_id=163\">frais de port<\/a><span>\u00a0<\/span>non inclus)<\/p>\n<p>[\/et_pb_text][\/et_pb_column][et_pb_column type=\u00a0\u00bb1_4&Prime; _builder_version=\u00a0\u00bb4.25.1&Prime; _module_preset=\u00a0\u00bbdefault\u00a0\u00bb global_colors_info=\u00a0\u00bb{}\u00a0\u00bb][et_pb_image src=\u00a0\u00bbhttps:\/\/lolicandle.fr\/wp-content\/uploads\/2025\/02\/MONOI-ROSE-187X250.jpg\u00a0\u00bb title_text=\u00a0\u00bbMONO\u00cf ROSE 187X250&Prime; align=\u00a0\u00bbcenter\u00a0\u00bb _builder_version=\u00a0\u00bb4.27.4&Prime; _module_preset=\u00a0\u00bbdefault\u00a0\u00bb border_width_all=\u00a0\u00bb7px\u00a0\u00bb border_color_all=\u00a0\u00bb#FFFFFF\u00a0\u00bb border_style_all=\u00a0\u00bbridge\u00a0\u00bb global_colors_info=\u00a0\u00bb{}\u00a0\u00bb][\/et_pb_image][et_pb_text _builder_version=\u00a0\u00bb4.27.4&Prime; _module_preset=\u00a0\u00bbdefault\u00a0\u00bb background_color=\u00a0\u00bb#FFFFFF\u00a0\u00bb border_width_top=\u00a0\u00bb4px\u00a0\u00bb border_color_top=\u00a0\u00bb#e32b73&Prime; border_width_bottom=\u00a0\u00bb4px\u00a0\u00bb border_color_bottom=\u00a0\u00bb#e32b73&Prime; global_colors_info=\u00a0\u00bb{}\u00a0\u00bb]<\/p>\n<h2 style=\"text-align: center;\">Mono\u00ef Rose<\/h2>\n<p>[\/et_pb_text][et_pb_text _builder_version=\u00a0\u00bb4.27.4&Prime; _module_preset=\u00a0\u00bbdefault\u00a0\u00bb background_color=\u00a0\u00bb#FFFFFF\u00a0\u00bb global_colors_info=\u00a0\u00bb{}\u00a0\u00bb]<\/p>\n<p style=\"padding-left: 40px;\"><span style=\"color: #ff00ff;\">Composition:<\/span> m\u00e9lange de cire v\u00e9g\u00e9tale ( cire de soja et colza), parfum, colorant, m\u00e8che en bois de cerisier (grande taille), m\u00e8che en papier (petite taille), paillettes biod\u00e9gradables<\/p>\n<p style=\"padding-left: 40px;\"><span style=\"color: #ff00ff;\">Note:<\/span> Florale<\/p>\n<p style=\"padding-left: 40px;\"><span style=\"color: #ff00ff;\">Poids:<\/span> 400g la grande, 100g la petite<\/p>\n<p style=\"padding-left: 40px;\"><span style=\"color: #ff00ff;\">Prix:<\/span> 20\u20ac la grande, 10\u20ac la petite (<a href=\"https:\/\/lolicandle.fr\/?page_id=163\">frais de port<\/a><span>\u00a0<\/span>non inclus)<\/p>\n<p>[\/et_pb_text][\/et_pb_column][et_pb_column type=\u00a0\u00bb1_4&Prime; _builder_version=\u00a0\u00bb4.25.1&Prime; _module_preset=\u00a0\u00bbdefault\u00a0\u00bb global_colors_info=\u00a0\u00bb{}\u00a0\u00bb][et_pb_image src=\u00a0\u00bbhttps:\/\/lolicandle.fr\/wp-content\/uploads\/2025\/06\/BOUGIE-VANILLE-187X250.jpg\u00a0\u00bb title_text=\u00a0\u00bbBOUGIE VANILLE 187X250&Prime; align=\u00a0\u00bbcenter\u00a0\u00bb _builder_version=\u00a0\u00bb4.27.4&Prime; _module_preset=\u00a0\u00bbdefault\u00a0\u00bb border_width_all=\u00a0\u00bb7px\u00a0\u00bb border_color_all=\u00a0\u00bb#FFFFFF\u00a0\u00bb border_style_all=\u00a0\u00bbridge\u00a0\u00bb global_colors_info=\u00a0\u00bb{}\u00a0\u00bb][\/et_pb_image][et_pb_text _builder_version=\u00a0\u00bb4.27.4&Prime; _module_preset=\u00a0\u00bbdefault\u00a0\u00bb background_color=\u00a0\u00bb#FFFFFF\u00a0\u00bb custom_padding=\u00a0\u00bb||0px|||\u00a0\u00bb border_width_top=\u00a0\u00bb4px\u00a0\u00bb border_color_top=\u00a0\u00bb#e32b73&Prime; border_width_bottom=\u00a0\u00bb4px\u00a0\u00bb border_color_bottom=\u00a0\u00bb#e32b73&Prime; global_colors_info=\u00a0\u00bb{}\u00a0\u00bb]<\/p>\n<h2 style=\"text-align: center;\">Vanille<\/h2>\n<p>[\/et_pb_text][et_pb_text _builder_version=\u00a0\u00bb4.27.4&Prime; _module_preset=\u00a0\u00bbdefault\u00a0\u00bb background_color=\u00a0\u00bb#FFFFFF\u00a0\u00bb global_colors_info=\u00a0\u00bb{}\u00a0\u00bb]<\/p>\n<p style=\"padding-left: 40px;\"><span style=\"color: #ff00ff;\">Composition:<\/span> m\u00e9lange de cire v\u00e9g\u00e9tale ( cire de soja et colza), parfum, colorant, m\u00e8che en bois de cerisier (grande taille), m\u00e8che en papier (petite taille), paillettes biod\u00e9gradables<\/p>\n<p style=\"padding-left: 40px;\"><span style=\"color: #ff00ff;\">Note:<\/span> Vanill\u00e9e\/ Gourmandes<\/p>\n<p style=\"padding-left: 40px;\"><span style=\"color: #ff00ff;\">Poids:<\/span> 400g la grande, 100g la petite<\/p>\n<p style=\"padding-left: 40px;\"><span style=\"color: #ff00ff;\">Prix:<\/span> 20\u20ac la grande, 10\u20ac la petite (<a href=\"https:\/\/lolicandle.fr\/?page_id=163\">frais de port<\/a><span>\u00a0<\/span>non inclus)<\/p>\n<p>[\/et_pb_text][\/et_pb_column][et_pb_column type=\u00a0\u00bb1_4&Prime; _builder_version=\u00a0\u00bb4.25.1&Prime; _module_preset=\u00a0\u00bbdefault\u00a0\u00bb global_colors_info=\u00a0\u00bb{}\u00a0\u00bb][\/et_pb_column][\/et_pb_row][et_pb_row _builder_version=\u00a0\u00bb4.27.2&Prime; _module_preset=\u00a0\u00bbdefault\u00a0\u00bb global_colors_info=\u00a0\u00bb{}\u00a0\u00bb][et_pb_column type=\u00a0\u00bb4_4&Prime; _builder_version=\u00a0\u00bb4.27.2&Prime; _module_preset=\u00a0\u00bbdefault\u00a0\u00bb global_colors_info=\u00a0\u00bb{}\u00a0\u00bb][et_pb_button button_url=\u00a0\u00bbhttps:\/\/lolicandle.fr\/?page_id=256&Prime; button_text=\u00a0\u00bbCommander\u00a0\u00bb button_alignment=\u00a0\u00bbcenter\u00a0\u00bb _builder_version=\u00a0\u00bb4.27.2&Prime; _module_preset=\u00a0\u00bbdefault\u00a0\u00bb custom_button=\u00a0\u00bbon\u00a0\u00bb button_text_color=\u00a0\u00bb#FFFFFF\u00a0\u00bb button_bg_color=\u00a0\u00bb#631467&Prime; button_border_color=\u00a0\u00bb#FFFFFF\u00a0\u00bb global_colors_info=\u00a0\u00bb{}\u00a0\u00bb][\/et_pb_button][\/et_pb_column][\/et_pb_row][\/et_pb_section]<\/p>\n","protected":false},"excerpt":{"rendered":"<p>Caramel beurre sal\u00e9Composition: m\u00e9lange de cire v\u00e9g\u00e9tale ( cire de soja et colza), parfum, colorant, m\u00e8che en bois de cerisier (grande taille), m\u00e8che en papier (petite taille) Note: Alimentaire \/ Vanill\u00e9e \/ Caramel Poids: 400g la grande, 100g la petite Prix: 20\u20ac la grande, 10\u20ac la petite (frais de port\u00a0non inclus) Citron meringu\u00e9Composition: m\u00e9lange de [&hellip;]<\/p>\n","protected":false},"author":1,"featured_media":0,"parent":0,"menu_order":0,"comment_status":"closed","ping_status":"closed","template":"","meta":{"_et_pb_use_builder":"on","_et_pb_old_content":"","_et_gb_content_width":"","footnotes":""},"class_list":["post-86","page","type-page","status-publish","hentry"],"yoast_head":"<!-- This site is optimized with the Yoast SEO plugin v27.5 - https:\/\/yoast.com\/product\/yoast-seo-wordpress\/ -->\n<title>Bougies - Lolicandle<\/title>\n<meta name=\"robots\" content=\"index, follow, max-snippet:-1, max-image-preview:large, max-video-preview:-1\" \/>\n<link rel=\"canonical\" href=\"https:\/\/lolicandle.fr\/?page_id=86\" \/>\n<meta property=\"og:locale\" content=\"fr_FR\" \/>\n<meta property=\"og:type\" content=\"article\" \/>\n<meta property=\"og:title\" content=\"Bougies - Lolicandle\" \/>\n<meta property=\"og:description\" content=\"Caramel beurre sal\u00e9Composition: m\u00e9lange de cire v\u00e9g\u00e9tale ( cire de soja et colza), parfum, colorant, m\u00e8che en bois de cerisier (grande taille), m\u00e8che en papier (petite taille) Note: Alimentaire \/ Vanill\u00e9e \/ Caramel Poids: 400g la grande, 100g la petite Prix: 20\u20ac la grande, 10\u20ac la petite (frais de port\u00a0non inclus) Citron meringu\u00e9Composition: m\u00e9lange de [&hellip;]\" \/>\n<meta property=\"og:url\" content=\"https:\/\/lolicandle.fr\/?page_id=86\" \/>\n<meta property=\"og:site_name\" content=\"Lolicandle\" \/>\n<meta property=\"article:modified_time\" content=\"2025-08-11T09:26:50+00:00\" \/>\n<meta name=\"twitter:card\" content=\"summary_large_image\" \/>\n<meta name=\"twitter:label1\" content=\"Dur\u00e9e de lecture estim\u00e9e\" \/>\n\t<meta name=\"twitter:data1\" content=\"2 minutes\" \/>\n<script type=\"application\/ld+json\" class=\"yoast-schema-graph\">{\"@context\":\"https:\\\/\\\/schema.org\",\"@graph\":[{\"@type\":\"WebPage\",\"@id\":\"https:\\\/\\\/lolicandle.fr\\\/?page_id=86\",\"url\":\"https:\\\/\\\/lolicandle.fr\\\/?page_id=86\",\"name\":\"Bougies - Lolicandle\",\"isPartOf\":{\"@id\":\"https:\\\/\\\/lolicandle.fr\\\/#website\"},\"datePublished\":\"2023-11-13T18:58:18+00:00\",\"dateModified\":\"2025-08-11T09:26:50+00:00\",\"breadcrumb\":{\"@id\":\"https:\\\/\\\/lolicandle.fr\\\/?page_id=86#breadcrumb\"},\"inLanguage\":\"fr-FR\",\"potentialAction\":[{\"@type\":\"ReadAction\",\"target\":[\"https:\\\/\\\/lolicandle.fr\\\/?page_id=86\"]}]},{\"@type\":\"BreadcrumbList\",\"@id\":\"https:\\\/\\\/lolicandle.fr\\\/?page_id=86#breadcrumb\",\"itemListElement\":[{\"@type\":\"ListItem\",\"position\":1,\"name\":\"Accueil\",\"item\":\"https:\\\/\\\/lolicandle.fr\\\/\"},{\"@type\":\"ListItem\",\"position\":2,\"name\":\"Bougies\"}]},{\"@type\":\"WebSite\",\"@id\":\"https:\\\/\\\/lolicandle.fr\\\/#website\",\"url\":\"https:\\\/\\\/lolicandle.fr\\\/\",\"name\":\"Lolicandle\",\"description\":\"Bougies et fondants de fabrication artisanale\",\"potentialAction\":[{\"@type\":\"SearchAction\",\"target\":{\"@type\":\"EntryPoint\",\"urlTemplate\":\"https:\\\/\\\/lolicandle.fr\\\/?s={search_term_string}\"},\"query-input\":{\"@type\":\"PropertyValueSpecification\",\"valueRequired\":true,\"valueName\":\"search_term_string\"}}],\"inLanguage\":\"fr-FR\"}]}<\/script>\n<!-- \/ Yoast SEO plugin. -->","yoast_head_json":{"title":"Bougies - Lolicandle","robots":{"index":"index","follow":"follow","max-snippet":"max-snippet:-1","max-image-preview":"max-image-preview:large","max-video-preview":"max-video-preview:-1"},"canonical":"https:\/\/lolicandle.fr\/?page_id=86","og_locale":"fr_FR","og_type":"article","og_title":"Bougies - Lolicandle","og_description":"Caramel beurre sal\u00e9Composition: m\u00e9lange de cire v\u00e9g\u00e9tale ( cire de soja et colza), parfum, colorant, m\u00e8che en bois de cerisier (grande taille), m\u00e8che en papier (petite taille) Note: Alimentaire \/ Vanill\u00e9e \/ Caramel Poids: 400g la grande, 100g la petite Prix: 20\u20ac la grande, 10\u20ac la petite (frais de port\u00a0non inclus) Citron meringu\u00e9Composition: m\u00e9lange de [&hellip;]","og_url":"https:\/\/lolicandle.fr\/?page_id=86","og_site_name":"Lolicandle","article_modified_time":"2025-08-11T09:26:50+00:00","twitter_card":"summary_large_image","twitter_misc":{"Dur\u00e9e de lecture estim\u00e9e":"2 minutes"},"schema":{"@context":"https:\/\/schema.org","@graph":[{"@type":"WebPage","@id":"https:\/\/lolicandle.fr\/?page_id=86","url":"https:\/\/lolicandle.fr\/?page_id=86","name":"Bougies - Lolicandle","isPartOf":{"@id":"https:\/\/lolicandle.fr\/#website"},"datePublished":"2023-11-13T18:58:18+00:00","dateModified":"2025-08-11T09:26:50+00:00","breadcrumb":{"@id":"https:\/\/lolicandle.fr\/?page_id=86#breadcrumb"},"inLanguage":"fr-FR","potentialAction":[{"@type":"ReadAction","target":["https:\/\/lolicandle.fr\/?page_id=86"]}]},{"@type":"BreadcrumbList","@id":"https:\/\/lolicandle.fr\/?page_id=86#breadcrumb","itemListElement":[{"@type":"ListItem","position":1,"name":"Accueil","item":"https:\/\/lolicandle.fr\/"},{"@type":"ListItem","position":2,"name":"Bougies"}]},{"@type":"WebSite","@id":"https:\/\/lolicandle.fr\/#website","url":"https:\/\/lolicandle.fr\/","name":"Lolicandle","description":"Bougies et fondants de fabrication artisanale","potentialAction":[{"@type":"SearchAction","target":{"@type":"EntryPoint","urlTemplate":"https:\/\/lolicandle.fr\/?s={search_term_string}"},"query-input":{"@type":"PropertyValueSpecification","valueRequired":true,"valueName":"search_term_string"}}],"inLanguage":"fr-FR"}]}},"_links":{"self":[{"href":"https:\/\/lolicandle.fr\/index.php?rest_route=\/wp\/v2\/pages\/86","targetHints":{"allow":["GET"]}}],"collection":[{"href":"https:\/\/lolicandle.fr\/index.php?rest_route=\/wp\/v2\/pages"}],"about":[{"href":"https:\/\/lolicandle.fr\/index.php?rest_route=\/wp\/v2\/types\/page"}],"author":[{"embeddable":true,"href":"https:\/\/lolicandle.fr\/index.php?rest_route=\/wp\/v2\/users\/1"}],"replies":[{"embeddable":true,"href":"https:\/\/lolicandle.fr\/index.php?rest_route=%2Fwp%2Fv2%2Fcomments&post=86"}],"version-history":[{"count":63,"href":"https:\/\/lolicandle.fr\/index.php?rest_route=\/wp\/v2\/pages\/86\/revisions"}],"predecessor-version":[{"id":988,"href":"https:\/\/lolicandle.fr\/index.php?rest_route=\/wp\/v2\/pages\/86\/revisions\/988"}],"wp:attachment":[{"href":"https:\/\/lolicandle.fr\/index.php?rest_route=%2Fwp%2Fv2%2Fmedia&parent=86"}],"curies":[{"name":"wp","href":"https:\/\/api.w.org\/{rel}","templated":true}]}}