{"id":322,"date":"2024-04-04T21:24:21","date_gmt":"2024-04-04T20:24:21","guid":{"rendered":"https:\/\/lolicandle.fr\/?page_id=322"},"modified":"2024-11-06T01:22:33","modified_gmt":"2024-11-06T00:22:33","slug":"bougie-evenement","status":"publish","type":"page","link":"https:\/\/lolicandle.fr\/?page_id=322","title":{"rendered":"Bougie \u00e9v\u00e8nement"},"content":{"rendered":"<p>[et_pb_section fb_built=\u00a0\u00bb1&Prime; _builder_version=\u00a0\u00bb4.27.2&Prime; _module_preset=\u00a0\u00bbdefault\u00a0\u00bb background_image=\u00a0\u00bbhttps:\/\/lolicandle.fr\/wp-content\/uploads\/2024\/10\/378d9913-3578-41b7-b626-2764ef1e5a3e.jpeg\u00a0\u00bb global_colors_info=\u00a0\u00bb{}\u00a0\u00bb][et_pb_row _builder_version=\u00a0\u00bb4.23.1&Prime; _module_preset=\u00a0\u00bbdefault\u00a0\u00bb global_colors_info=\u00a0\u00bb{}\u00a0\u00bb][et_pb_column type=\u00a0\u00bb4_4&Prime; _builder_version=\u00a0\u00bb4.23.1&Prime; _module_preset=\u00a0\u00bbdefault\u00a0\u00bb global_colors_info=\u00a0\u00bb{}\u00a0\u00bb][et_pb_text _builder_version=\u00a0\u00bb4.27.2&Prime; _module_preset=\u00a0\u00bbdefault\u00a0\u00bb background_color=\u00a0\u00bb#FFFFFF\u00a0\u00bb border_width_all=\u00a0\u00bb5px\u00a0\u00bb border_color_all=\u00a0\u00bb#E32B73&Prime; border_style_all=\u00a0\u00bbridge\u00a0\u00bb global_colors_info=\u00a0\u00bb{}\u00a0\u00bb]<\/p>\n<h1 style=\"text-align: center;\">Bougies \u00e9v\u00e8nements<\/h1>\n<p>[\/et_pb_text][et_pb_text _builder_version=\u00a0\u00bb4.27.2&Prime; _module_preset=\u00a0\u00bbdefault\u00a0\u00bb background_color=\u00a0\u00bb#FFFFFF\u00a0\u00bb global_colors_info=\u00a0\u00bb{}\u00a0\u00bb]<\/p>\n<h1><\/h1>\n<p style=\"padding-left: 40px;\">Une baby shower, une naissance, un bapt\u00eame, un mariage, un d\u00e9c\u00e8s, \u00e0 chaque \u00e9v\u00e9nements de la vie Lolicandle vous accompagnes, pour garder un souvenir d&rsquo;un \u00e9v\u00e8nement heureux, ou adoucir un \u00e9v\u00e8nement triste. Toujours disponible en grande, ou petite taille les bougies \u00e9v\u00e8nements sont personnalisable que \u00e7a soit au niveau des couleurs, et ou \u00e9tiquettes.<\/p>\n<p>[\/et_pb_text][\/et_pb_column][\/et_pb_row][et_pb_row column_structure=\u00a0\u00bb1_3,1_3,1_3&Prime; _builder_version=\u00a0\u00bb4.27.2&Prime; _module_preset=\u00a0\u00bbdefault\u00a0\u00bb global_colors_info=\u00a0\u00bb{}\u00a0\u00bb][et_pb_column type=\u00a0\u00bb1_3&Prime; _builder_version=\u00a0\u00bb4.27.2&Prime; _module_preset=\u00a0\u00bbdefault\u00a0\u00bb global_colors_info=\u00a0\u00bb{}\u00a0\u00bb][\/et_pb_column][et_pb_column type=\u00a0\u00bb1_3&Prime; _builder_version=\u00a0\u00bb4.27.2&Prime; _module_preset=\u00a0\u00bbdefault\u00a0\u00bb global_colors_info=\u00a0\u00bb{}\u00a0\u00bb][et_pb_text _builder_version=\u00a0\u00bb4.27.2&Prime; _module_preset=\u00a0\u00bbdefault\u00a0\u00bb background_color=\u00a0\u00bb#FFFFFF\u00a0\u00bb border_width_top=\u00a0\u00bb4px\u00a0\u00bb border_color_top=\u00a0\u00bb#E32B73&Prime; border_width_bottom=\u00a0\u00bb4px\u00a0\u00bb border_color_bottom=\u00a0\u00bb#E32B73&Prime; global_colors_info=\u00a0\u00bb{}\u00a0\u00bb]<\/p>\n<h2 style=\"text-align: center;\">Bougie IL ou ELLE<\/h2>\n<p>[\/et_pb_text][\/et_pb_column][et_pb_column type=\u00a0\u00bb1_3&Prime; _builder_version=\u00a0\u00bb4.27.2&Prime; _module_preset=\u00a0\u00bbdefault\u00a0\u00bb global_colors_info=\u00a0\u00bb{}\u00a0\u00bb][\/et_pb_column][\/et_pb_row][et_pb_row column_structure=\u00a0\u00bb1_2,1_2&Prime; _builder_version=\u00a0\u00bb4.27.2&Prime; _module_preset=\u00a0\u00bbdefault\u00a0\u00bb background_image=\u00a0\u00bbhttps:\/\/lolicandle.fr\/wp-content\/uploads\/2024\/10\/e40c9f9d-3160-4fb0-a159-e3b26644f7c7.jpeg\u00a0\u00bb global_colors_info=\u00a0\u00bb{}\u00a0\u00bb][et_pb_column type=\u00a0\u00bb1_2&Prime; _builder_version=\u00a0\u00bb4.27.2&Prime; _module_preset=\u00a0\u00bbdefault\u00a0\u00bb global_colors_info=\u00a0\u00bb{}\u00a0\u00bb][et_pb_image src=\u00a0\u00bbhttps:\/\/lolicandle.fr\/wp-content\/uploads\/2024\/06\/Snapchat-16356919631.png\u00a0\u00bb title_text=\u00a0\u00bbSnapchat-1635691963%911%93&Prime; align=\u00a0\u00bbcenter\u00a0\u00bb _builder_version=\u00a0\u00bb4.27.2&Prime; _module_preset=\u00a0\u00bbdefault\u00a0\u00bb border_width_all=\u00a0\u00bb7px\u00a0\u00bb border_color_all=\u00a0\u00bb#FFFFFF\u00a0\u00bb border_style_all=\u00a0\u00bbridge\u00a0\u00bb global_colors_info=\u00a0\u00bb{}\u00a0\u00bb][\/et_pb_image][\/et_pb_column][et_pb_column type=\u00a0\u00bb1_2&Prime; _builder_version=\u00a0\u00bb4.27.2&Prime; _module_preset=\u00a0\u00bbdefault\u00a0\u00bb global_colors_info=\u00a0\u00bb{}\u00a0\u00bb][et_pb_text _builder_version=\u00a0\u00bb4.27.2&Prime; _module_preset=\u00a0\u00bbdefault\u00a0\u00bb global_colors_info=\u00a0\u00bb{}\u00a0\u00bb]<\/p>\n<p><strong><span style=\"color: #ff00ff;\">Composition<\/span>: m\u00e9lange de cire v\u00e9g\u00e9tale ( cire de soja et colza), parfum baby love, colorant, m\u00e8che en bois de cerisier (grande taille), m\u00e8che en papier (petite taille)<\/strong><\/p>\n<p><strong><span style=\"color: #ff00ff;\">Note:<\/span>\u00a0Musqu\u00e9e, poudr\u00e9e, florale<\/strong><\/p>\n<p><strong><span style=\"color: #ff00ff;\">Poids:<\/span> 400g la grande, 100g la petite<\/strong><\/p>\n<p><strong><span style=\"color: #ff00ff;\">Prix:<\/span> 20\u20ac la grande, 10\u20ac la petite (<a href=\"https:\/\/lolicandle.fr\/?page_id=163\">frais de port<\/a>\u00a0non inclus)<\/strong><\/p>\n<p>[\/et_pb_text][\/et_pb_column][\/et_pb_row][et_pb_row column_structure=\u00a0\u00bb1_3,1_3,1_3&Prime; _builder_version=\u00a0\u00bb4.27.2&Prime; _module_preset=\u00a0\u00bbdefault\u00a0\u00bb global_colors_info=\u00a0\u00bb{}\u00a0\u00bb][et_pb_column type=\u00a0\u00bb1_3&Prime; _builder_version=\u00a0\u00bb4.27.2&Prime; _module_preset=\u00a0\u00bbdefault\u00a0\u00bb global_colors_info=\u00a0\u00bb{}\u00a0\u00bb][\/et_pb_column][et_pb_column type=\u00a0\u00bb1_3&Prime; _builder_version=\u00a0\u00bb4.27.2&Prime; _module_preset=\u00a0\u00bbdefault\u00a0\u00bb global_colors_info=\u00a0\u00bb{}\u00a0\u00bb][et_pb_text _builder_version=\u00a0\u00bb4.27.2&Prime; _module_preset=\u00a0\u00bbdefault\u00a0\u00bb background_color=\u00a0\u00bb#FFFFFF\u00a0\u00bb border_width_top=\u00a0\u00bb4px\u00a0\u00bb border_color_top=\u00a0\u00bb#E32B73&Prime; border_width_bottom=\u00a0\u00bb4px\u00a0\u00bb border_color_bottom=\u00a0\u00bb#E32B73&Prime; global_colors_info=\u00a0\u00bb{}\u00a0\u00bb]<\/p>\n<h2 style=\"text-align: center;\">Bougie naissance<\/h2>\n<p>[\/et_pb_text][\/et_pb_column][et_pb_column type=\u00a0\u00bb1_3&Prime; _builder_version=\u00a0\u00bb4.27.2&Prime; _module_preset=\u00a0\u00bbdefault\u00a0\u00bb global_colors_info=\u00a0\u00bb{}\u00a0\u00bb][\/et_pb_column][\/et_pb_row][et_pb_row column_structure=\u00a0\u00bb1_2,1_2&Prime; _builder_version=\u00a0\u00bb4.27.2&Prime; _module_preset=\u00a0\u00bbdefault\u00a0\u00bb background_image=\u00a0\u00bbhttps:\/\/lolicandle.fr\/wp-content\/uploads\/2024\/10\/669f61a8-ea3e-4339-b749-db0abb5b3f58.jpeg\u00a0\u00bb global_colors_info=\u00a0\u00bb{}\u00a0\u00bb][et_pb_column type=\u00a0\u00bb1_2&Prime; _builder_version=\u00a0\u00bb4.27.2&Prime; _module_preset=\u00a0\u00bbdefault\u00a0\u00bb global_colors_info=\u00a0\u00bb{}\u00a0\u00bb][et_pb_image src=\u00a0\u00bbhttps:\/\/lolicandle.fr\/wp-content\/uploads\/2024\/04\/BOUGIE-BEBE-MUSTY-187X250.png\u00a0\u00bb title_text=\u00a0\u00bbBOUGIE BEBE MUSTY 187X250&Prime; align=\u00a0\u00bbcenter\u00a0\u00bb _builder_version=\u00a0\u00bb4.27.2&Prime; _module_preset=\u00a0\u00bbdefault\u00a0\u00bb border_width_all=\u00a0\u00bb7px\u00a0\u00bb border_color_all=\u00a0\u00bb#FFFFFF\u00a0\u00bb border_style_all=\u00a0\u00bbridge\u00a0\u00bb global_colors_info=\u00a0\u00bb{}\u00a0\u00bb][\/et_pb_image][\/et_pb_column][et_pb_column type=\u00a0\u00bb1_2&Prime; _builder_version=\u00a0\u00bb4.27.2&Prime; _module_preset=\u00a0\u00bbdefault\u00a0\u00bb global_colors_info=\u00a0\u00bb{}\u00a0\u00bb][et_pb_text _builder_version=\u00a0\u00bb4.27.2&Prime; _module_preset=\u00a0\u00bbdefault\u00a0\u00bb global_colors_info=\u00a0\u00bb{}\u00a0\u00bb]<\/p>\n<p><strong><span style=\"color: #ff00ff;\">Composition:<\/span> m\u00e9lange de cire v\u00e9g\u00e9tale ( cire de soja et colza), parfum musty, colorant, m\u00e8che en bois de cerisier (grande taille), m\u00e8che en papier (petite taille)<\/strong><\/p>\n<p><strong><span style=\"color: #ff00ff;\">Note:<\/span>\u00a0Musqu\u00e9e, rappelant les produits pour b\u00e9b\u00e9<\/strong><\/p>\n<p><strong><span style=\"color: #ff00ff;\">Poids:<\/span> 400g la grande, 100g la petite<\/strong><\/p>\n<p><strong><span style=\"color: #ff00ff;\">Prix:<\/span> 20\u20ac la grande, 10\u20ac la petite (<a href=\"https:\/\/lolicandle.fr\/?page_id=163\">frais de port<\/a>\u00a0non inclus)<\/strong><\/p>\n<p>[\/et_pb_text][\/et_pb_column][\/et_pb_row][et_pb_row column_structure=\u00a0\u00bb1_3,1_3,1_3&Prime; _builder_version=\u00a0\u00bb4.27.2&Prime; _module_preset=\u00a0\u00bbdefault\u00a0\u00bb global_colors_info=\u00a0\u00bb{}\u00a0\u00bb][et_pb_column type=\u00a0\u00bb1_3&Prime; _builder_version=\u00a0\u00bb4.27.2&Prime; _module_preset=\u00a0\u00bbdefault\u00a0\u00bb global_colors_info=\u00a0\u00bb{}\u00a0\u00bb][\/et_pb_column][et_pb_column type=\u00a0\u00bb1_3&Prime; _builder_version=\u00a0\u00bb4.27.2&Prime; _module_preset=\u00a0\u00bbdefault\u00a0\u00bb global_colors_info=\u00a0\u00bb{}\u00a0\u00bb][et_pb_text _builder_version=\u00a0\u00bb4.27.2&Prime; _module_preset=\u00a0\u00bbdefault\u00a0\u00bb background_color=\u00a0\u00bb#FFFFFF\u00a0\u00bb border_width_top=\u00a0\u00bb4px\u00a0\u00bb border_color_top=\u00a0\u00bb#E32B73&Prime; border_width_bottom=\u00a0\u00bb4px\u00a0\u00bb border_color_bottom=\u00a0\u00bb#E32B73&Prime; global_colors_info=\u00a0\u00bb{}\u00a0\u00bb]<\/p>\n<h2 style=\"text-align: center;\">Bougie mariage<\/h2>\n<p>[\/et_pb_text][\/et_pb_column][et_pb_column type=\u00a0\u00bb1_3&Prime; _builder_version=\u00a0\u00bb4.27.2&Prime; _module_preset=\u00a0\u00bbdefault\u00a0\u00bb global_colors_info=\u00a0\u00bb{}\u00a0\u00bb][\/et_pb_column][\/et_pb_row][et_pb_row column_structure=\u00a0\u00bb1_2,1_2&Prime; _builder_version=\u00a0\u00bb4.27.2&Prime; _module_preset=\u00a0\u00bbdefault\u00a0\u00bb background_image=\u00a0\u00bbhttps:\/\/lolicandle.fr\/wp-content\/uploads\/2024\/10\/23eb9926-f0b8-4c96-be04-4b6cfcc606cb.jpeg\u00a0\u00bb global_colors_info=\u00a0\u00bb{}\u00a0\u00bb][et_pb_column type=\u00a0\u00bb1_2&Prime; _builder_version=\u00a0\u00bb4.27.2&Prime; _module_preset=\u00a0\u00bbdefault\u00a0\u00bb global_colors_info=\u00a0\u00bb{}\u00a0\u00bb][et_pb_image src=\u00a0\u00bbhttps:\/\/lolicandle.fr\/wp-content\/uploads\/2024\/06\/Snapchat-16356919631.png\u00a0\u00bb title_text=\u00a0\u00bbSnapchat-1635691963%911%93&Prime; align=\u00a0\u00bbcenter\u00a0\u00bb _builder_version=\u00a0\u00bb4.27.2&Prime; _module_preset=\u00a0\u00bbdefault\u00a0\u00bb border_width_all=\u00a0\u00bb7px\u00a0\u00bb border_color_all=\u00a0\u00bb#FFFFFF\u00a0\u00bb border_style_all=\u00a0\u00bbridge\u00a0\u00bb global_colors_info=\u00a0\u00bb{}\u00a0\u00bb][\/et_pb_image][\/et_pb_column][et_pb_column type=\u00a0\u00bb1_2&Prime; _builder_version=\u00a0\u00bb4.27.2&Prime; _module_preset=\u00a0\u00bbdefault\u00a0\u00bb global_colors_info=\u00a0\u00bb{}\u00a0\u00bb][et_pb_text _builder_version=\u00a0\u00bb4.27.2&Prime; _module_preset=\u00a0\u00bbdefault\u00a0\u00bb global_colors_info=\u00a0\u00bb{}\u00a0\u00bb]<\/p>\n<p><strong><span style=\"color: #ff00ff;\">Composition:<\/span> cire colza, parfum ames soeurs, m\u00e8che en bois de cerisier (grande taille), m\u00e8che en papier (petite taille)<\/strong><\/p>\n<p><strong><span style=\"color: #ff00ff;\">Note:<\/span> Ambr\u00e9e, balsamique, musqu\u00e9e, orientale<\/strong><\/p>\n<p><strong><span style=\"color: #ff00ff;\">Poids:<\/span> 400g la grande, 100g la petite<\/strong><\/p>\n<p><strong><span style=\"color: #ff00ff;\">Prix:<\/span> 20\u20ac la grande, 10\u20ac la petite (<a href=\"https:\/\/lolicandle.fr\/?page_id=163\">frais de port<\/a>\u00a0non inclus)<\/strong><\/p>\n<p>[\/et_pb_text][\/et_pb_column][\/et_pb_row][et_pb_row column_structure=\u00a0\u00bb1_3,1_3,1_3&Prime; _builder_version=\u00a0\u00bb4.23.1&Prime; _module_preset=\u00a0\u00bbdefault\u00a0\u00bb global_colors_info=\u00a0\u00bb{}\u00a0\u00bb][et_pb_column type=\u00a0\u00bb1_3&Prime; _builder_version=\u00a0\u00bb4.23.1&Prime; _module_preset=\u00a0\u00bbdefault\u00a0\u00bb global_colors_info=\u00a0\u00bb{}\u00a0\u00bb][\/et_pb_column][et_pb_column type=\u00a0\u00bb1_3&Prime; _builder_version=\u00a0\u00bb4.23.1&Prime; _module_preset=\u00a0\u00bbdefault\u00a0\u00bb global_colors_info=\u00a0\u00bb{}\u00a0\u00bb][et_pb_text _builder_version=\u00a0\u00bb4.27.2&Prime; _module_preset=\u00a0\u00bbdefault\u00a0\u00bb background_color=\u00a0\u00bb#FFFFFF\u00a0\u00bb border_width_top=\u00a0\u00bb4px\u00a0\u00bb border_color_top=\u00a0\u00bb#E32B73&Prime; border_width_bottom=\u00a0\u00bb4px\u00a0\u00bb border_color_bottom=\u00a0\u00bb#E32B73&Prime; global_colors_info=\u00a0\u00bb{}\u00a0\u00bb]<\/p>\n<h2 style=\"text-align: center;\">Bougie du souvenir<\/h2>\n<p>[\/et_pb_text][\/et_pb_column][et_pb_column type=\u00a0\u00bb1_3&Prime; _builder_version=\u00a0\u00bb4.23.1&Prime; _module_preset=\u00a0\u00bbdefault\u00a0\u00bb global_colors_info=\u00a0\u00bb{}\u00a0\u00bb][\/et_pb_column][\/et_pb_row][et_pb_row column_structure=\u00a0\u00bb1_2,1_2&Prime; _builder_version=\u00a0\u00bb4.27.2&Prime; _module_preset=\u00a0\u00bbdefault\u00a0\u00bb background_image=\u00a0\u00bbhttps:\/\/lolicandle.fr\/wp-content\/uploads\/2024\/10\/c6854f75-ba76-4e43-ab1f-f3c5988a5f44.jpeg\u00a0\u00bb global_colors_info=\u00a0\u00bb{}\u00a0\u00bb][et_pb_column type=\u00a0\u00bb1_2&Prime; _builder_version=\u00a0\u00bb4.27.2&Prime; _module_preset=\u00a0\u00bbdefault\u00a0\u00bb global_colors_info=\u00a0\u00bb{}\u00a0\u00bb][et_pb_image src=\u00a0\u00bbhttps:\/\/lolicandle.fr\/wp-content\/uploads\/2024\/04\/BOUGIE-DU-SOUVENIR-140X250.png\u00a0\u00bb title_text=\u00a0\u00bbBOUGIE DU SOUVENIR 140X250&Prime; align=\u00a0\u00bbcenter\u00a0\u00bb _builder_version=\u00a0\u00bb4.27.2&Prime; _module_preset=\u00a0\u00bbdefault\u00a0\u00bb border_width_all=\u00a0\u00bb7px\u00a0\u00bb border_color_all=\u00a0\u00bb#FFFFFF\u00a0\u00bb border_style_all=\u00a0\u00bbridge\u00a0\u00bb global_colors_info=\u00a0\u00bb{}\u00a0\u00bb][\/et_pb_image][\/et_pb_column][et_pb_column type=\u00a0\u00bb1_2&Prime; _builder_version=\u00a0\u00bb4.27.2&Prime; _module_preset=\u00a0\u00bbdefault\u00a0\u00bb global_colors_info=\u00a0\u00bb{}\u00a0\u00bb][et_pb_text _builder_version=\u00a0\u00bb4.27.2&Prime; _module_preset=\u00a0\u00bbdefault\u00a0\u00bb global_colors_info=\u00a0\u00bb{}\u00a0\u00bb]<\/p>\n<p style=\"text-align: left;\"><strong><span style=\"color: #ff00ff;\">Composition:<\/span> cire colza, parfum au choix, colorant, m\u00e8che en bois de cerisier (grande taille), m\u00e8che en papier (petite taille)<\/strong><\/p>\n<p style=\"text-align: left;\"><strong><span style=\"color: #ff00ff;\">Note:<\/span> Selon parfum choisi<\/strong><\/p>\n<p style=\"text-align: left;\"><strong><span style=\"color: #ff00ff;\">Poids:<\/span> 400g la grande, 100g la petite<\/strong><\/p>\n<p style=\"text-align: left;\"><strong><span style=\"color: #ff00ff;\">Prix:<\/span> 20\u20ac la grande, 10\u20ac la petite (<a href=\"https:\/\/lolicandle.fr\/?page_id=163\">frais de port<\/a>\u00a0non inclus)<\/strong><\/p>\n<p>[\/et_pb_text][\/et_pb_column][\/et_pb_row][et_pb_row _builder_version=\u00a0\u00bb4.27.2&Prime; _module_preset=\u00a0\u00bbdefault\u00a0\u00bb][et_pb_column _builder_version=\u00a0\u00bb4.27.2&Prime; _module_preset=\u00a0\u00bbdefault\u00a0\u00bb type=\u00a0\u00bb4_4&Prime;][et_pb_button button_text=\u00a0\u00bbCommander\u00a0\u00bb _builder_version=\u00a0\u00bb4.27.2&Prime; _module_preset=\u00a0\u00bbdefault\u00a0\u00bb button_url=\u00a0\u00bbhttps:\/\/lolicandle.fr\/?page_id=256&Prime; button_alignment=\u00a0\u00bbcenter\u00a0\u00bb custom_button=\u00a0\u00bbon\u00a0\u00bb button_text_color=\u00a0\u00bb#FFFFFF\u00a0\u00bb button_bg_color=\u00a0\u00bb#631467&Prime; button_bg_enable_color=\u00a0\u00bbon\u00a0\u00bb hover_enabled=\u00a0\u00bb0&Prime; sticky_enabled=\u00a0\u00bb0&Prime;][\/et_pb_button][\/et_pb_column][\/et_pb_row][\/et_pb_section]<\/p>\n","protected":false},"excerpt":{"rendered":"<p>Bougies \u00e9v\u00e8nements Une baby shower, une naissance, un bapt\u00eame, un mariage, un d\u00e9c\u00e8s, \u00e0 chaque \u00e9v\u00e9nements de la vie Lolicandle vous accompagnes, pour garder un souvenir d&rsquo;un \u00e9v\u00e8nement heureux, ou adoucir un \u00e9v\u00e8nement triste. Toujours disponible en grande, ou petite taille les bougies \u00e9v\u00e8nements sont personnalisable que \u00e7a soit au niveau des couleurs, et ou [&hellip;]<\/p>\n","protected":false},"author":1,"featured_media":0,"parent":0,"menu_order":0,"comment_status":"closed","ping_status":"closed","template":"","meta":{"_et_pb_use_builder":"on","_et_pb_old_content":"","_et_gb_content_width":"","footnotes":""},"class_list":["post-322","page","type-page","status-publish","hentry"],"yoast_head":"<!-- This site is optimized with the Yoast SEO plugin v27.5 - https:\/\/yoast.com\/product\/yoast-seo-wordpress\/ -->\n<title>Bougie \u00e9v\u00e8nement - Lolicandle<\/title>\n<meta name=\"robots\" content=\"index, follow, max-snippet:-1, max-image-preview:large, max-video-preview:-1\" \/>\n<link rel=\"canonical\" href=\"https:\/\/lolicandle.fr\/?page_id=322\" \/>\n<meta property=\"og:locale\" content=\"fr_FR\" \/>\n<meta property=\"og:type\" content=\"article\" \/>\n<meta property=\"og:title\" content=\"Bougie \u00e9v\u00e8nement - Lolicandle\" \/>\n<meta property=\"og:description\" content=\"Bougies \u00e9v\u00e8nements Une baby shower, une naissance, un bapt\u00eame, un mariage, un d\u00e9c\u00e8s, \u00e0 chaque \u00e9v\u00e9nements de la vie Lolicandle vous accompagnes, pour garder un souvenir d&#039;un \u00e9v\u00e8nement heureux, ou adoucir un \u00e9v\u00e8nement triste. Toujours disponible en grande, ou petite taille les bougies \u00e9v\u00e8nements sont personnalisable que \u00e7a soit au niveau des couleurs, et ou [&hellip;]\" \/>\n<meta property=\"og:url\" content=\"https:\/\/lolicandle.fr\/?page_id=322\" \/>\n<meta property=\"og:site_name\" content=\"Lolicandle\" \/>\n<meta property=\"article:modified_time\" content=\"2024-11-06T00:22:33+00:00\" \/>\n<meta name=\"twitter:card\" content=\"summary_large_image\" \/>\n<script type=\"application\/ld+json\" class=\"yoast-schema-graph\">{\"@context\":\"https:\\\/\\\/schema.org\",\"@graph\":[{\"@type\":\"WebPage\",\"@id\":\"https:\\\/\\\/lolicandle.fr\\\/?page_id=322\",\"url\":\"https:\\\/\\\/lolicandle.fr\\\/?page_id=322\",\"name\":\"Bougie \u00e9v\u00e8nement - Lolicandle\",\"isPartOf\":{\"@id\":\"https:\\\/\\\/lolicandle.fr\\\/#website\"},\"datePublished\":\"2024-04-04T20:24:21+00:00\",\"dateModified\":\"2024-11-06T00:22:33+00:00\",\"breadcrumb\":{\"@id\":\"https:\\\/\\\/lolicandle.fr\\\/?page_id=322#breadcrumb\"},\"inLanguage\":\"fr-FR\",\"potentialAction\":[{\"@type\":\"ReadAction\",\"target\":[\"https:\\\/\\\/lolicandle.fr\\\/?page_id=322\"]}]},{\"@type\":\"BreadcrumbList\",\"@id\":\"https:\\\/\\\/lolicandle.fr\\\/?page_id=322#breadcrumb\",\"itemListElement\":[{\"@type\":\"ListItem\",\"position\":1,\"name\":\"Accueil\",\"item\":\"https:\\\/\\\/lolicandle.fr\\\/\"},{\"@type\":\"ListItem\",\"position\":2,\"name\":\"Bougie \u00e9v\u00e8nement\"}]},{\"@type\":\"WebSite\",\"@id\":\"https:\\\/\\\/lolicandle.fr\\\/#website\",\"url\":\"https:\\\/\\\/lolicandle.fr\\\/\",\"name\":\"Lolicandle\",\"description\":\"Bougies et fondants de fabrication artisanale\",\"potentialAction\":[{\"@type\":\"SearchAction\",\"target\":{\"@type\":\"EntryPoint\",\"urlTemplate\":\"https:\\\/\\\/lolicandle.fr\\\/?s={search_term_string}\"},\"query-input\":{\"@type\":\"PropertyValueSpecification\",\"valueRequired\":true,\"valueName\":\"search_term_string\"}}],\"inLanguage\":\"fr-FR\"}]}<\/script>\n<!-- \/ Yoast SEO plugin. -->","yoast_head_json":{"title":"Bougie \u00e9v\u00e8nement - Lolicandle","robots":{"index":"index","follow":"follow","max-snippet":"max-snippet:-1","max-image-preview":"max-image-preview:large","max-video-preview":"max-video-preview:-1"},"canonical":"https:\/\/lolicandle.fr\/?page_id=322","og_locale":"fr_FR","og_type":"article","og_title":"Bougie \u00e9v\u00e8nement - Lolicandle","og_description":"Bougies \u00e9v\u00e8nements Une baby shower, une naissance, un bapt\u00eame, un mariage, un d\u00e9c\u00e8s, \u00e0 chaque \u00e9v\u00e9nements de la vie Lolicandle vous accompagnes, pour garder un souvenir d'un \u00e9v\u00e8nement heureux, ou adoucir un \u00e9v\u00e8nement triste. Toujours disponible en grande, ou petite taille les bougies \u00e9v\u00e8nements sont personnalisable que \u00e7a soit au niveau des couleurs, et ou [&hellip;]","og_url":"https:\/\/lolicandle.fr\/?page_id=322","og_site_name":"Lolicandle","article_modified_time":"2024-11-06T00:22:33+00:00","twitter_card":"summary_large_image","schema":{"@context":"https:\/\/schema.org","@graph":[{"@type":"WebPage","@id":"https:\/\/lolicandle.fr\/?page_id=322","url":"https:\/\/lolicandle.fr\/?page_id=322","name":"Bougie \u00e9v\u00e8nement - Lolicandle","isPartOf":{"@id":"https:\/\/lolicandle.fr\/#website"},"datePublished":"2024-04-04T20:24:21+00:00","dateModified":"2024-11-06T00:22:33+00:00","breadcrumb":{"@id":"https:\/\/lolicandle.fr\/?page_id=322#breadcrumb"},"inLanguage":"fr-FR","potentialAction":[{"@type":"ReadAction","target":["https:\/\/lolicandle.fr\/?page_id=322"]}]},{"@type":"BreadcrumbList","@id":"https:\/\/lolicandle.fr\/?page_id=322#breadcrumb","itemListElement":[{"@type":"ListItem","position":1,"name":"Accueil","item":"https:\/\/lolicandle.fr\/"},{"@type":"ListItem","position":2,"name":"Bougie \u00e9v\u00e8nement"}]},{"@type":"WebSite","@id":"https:\/\/lolicandle.fr\/#website","url":"https:\/\/lolicandle.fr\/","name":"Lolicandle","description":"Bougies et fondants de fabrication artisanale","potentialAction":[{"@type":"SearchAction","target":{"@type":"EntryPoint","urlTemplate":"https:\/\/lolicandle.fr\/?s={search_term_string}"},"query-input":{"@type":"PropertyValueSpecification","valueRequired":true,"valueName":"search_term_string"}}],"inLanguage":"fr-FR"}]}},"_links":{"self":[{"href":"https:\/\/lolicandle.fr\/index.php?rest_route=\/wp\/v2\/pages\/322","targetHints":{"allow":["GET"]}}],"collection":[{"href":"https:\/\/lolicandle.fr\/index.php?rest_route=\/wp\/v2\/pages"}],"about":[{"href":"https:\/\/lolicandle.fr\/index.php?rest_route=\/wp\/v2\/types\/page"}],"author":[{"embeddable":true,"href":"https:\/\/lolicandle.fr\/index.php?rest_route=\/wp\/v2\/users\/1"}],"replies":[{"embeddable":true,"href":"https:\/\/lolicandle.fr\/index.php?rest_route=%2Fwp%2Fv2%2Fcomments&post=322"}],"version-history":[{"count":11,"href":"https:\/\/lolicandle.fr\/index.php?rest_route=\/wp\/v2\/pages\/322\/revisions"}],"predecessor-version":[{"id":788,"href":"https:\/\/lolicandle.fr\/index.php?rest_route=\/wp\/v2\/pages\/322\/revisions\/788"}],"wp:attachment":[{"href":"https:\/\/lolicandle.fr\/index.php?rest_route=%2Fwp%2Fv2%2Fmedia&parent=322"}],"curies":[{"name":"wp","href":"https:\/\/api.w.org\/{rel}","templated":true}]}}