{"id":16,"date":"2023-10-31T14:03:37","date_gmt":"2023-10-31T14:03:37","guid":{"rendered":"https:\/\/lolicandle.fr\/?page_id=16"},"modified":"2025-06-15T19:08:36","modified_gmt":"2025-06-15T18:08:36","slug":"page-daccueil","status":"publish","type":"page","link":"https:\/\/lolicandle.fr\/","title":{"rendered":"Accueil"},"content":{"rendered":"<p>[et_pb_section fb_built=\u00a0\u00bb1&Prime; _builder_version=\u00a0\u00bb4.27.4&Prime; background_image=\u00a0\u00bbhttps:\/\/lolicandle.fr\/wp-content\/uploads\/2025\/06\/fa0ec304-5cfd-4f9f-83dd-1430e2d9ea5c1.jpeg\u00a0\u00bb global_colors_info=\u00a0\u00bb{}\u00a0\u00bb][et_pb_row _builder_version=\u00a0\u00bb4.27.4&Prime; background_size=\u00a0\u00bbinitial\u00a0\u00bb background_position=\u00a0\u00bbtop_left\u00a0\u00bb background_repeat=\u00a0\u00bbrepeat\u00a0\u00bb global_colors_info=\u00a0\u00bb{}\u00a0\u00bb][et_pb_column type=\u00a0\u00bb4_4&Prime; _builder_version=\u00a0\u00bb4.16&Prime; custom_padding=\u00a0\u00bb|||\u00a0\u00bb global_colors_info=\u00a0\u00bb{}\u00a0\u00bb custom_padding__hover=\u00a0\u00bb|||\u00a0\u00bb][et_pb_text _builder_version=\u00a0\u00bb4.27.2&Prime; _module_preset=\u00a0\u00bbdefault\u00a0\u00bb background_color=\u00a0\u00bb#FFFFFF\u00a0\u00bb animation_style=\u00a0\u00bbzoom\u00a0\u00bb border_width_top=\u00a0\u00bb5px\u00a0\u00bb border_color_top=\u00a0\u00bb#E32B73&Prime; border_width_bottom=\u00a0\u00bb5px\u00a0\u00bb border_color_bottom=\u00a0\u00bb#631467&Prime; border_style_bottom=\u00a0\u00bbridge\u00a0\u00bb global_colors_info=\u00a0\u00bb{}\u00a0\u00bb]<\/p>\n<h1 style=\"text-align: center;\">Bienvenue chez Lolicandle<\/h1>\n<p>[\/et_pb_text][et_pb_slider arrows_custom_color=\u00a0\u00bb#E32B73&Prime; dot_nav_custom_color=\u00a0\u00bb#631467&Prime; _builder_version=\u00a0\u00bb4.27.4&Prime; _module_preset=\u00a0\u00bbdefault\u00a0\u00bb custom_padding=\u00a0\u00bb||121px|||\u00a0\u00bb animation_style=\u00a0\u00bbfade\u00a0\u00bb auto=\u00a0\u00bbon\u00a0\u00bb link_option_url=\u00a0\u00bbhttps:\/\/lolicandle.fr\/?page_id=568&Prime; hover_enabled=\u00a0\u00bb0&Prime; global_colors_info=\u00a0\u00bb{}\u00a0\u00bb sticky_enabled=\u00a0\u00bb0&Prime;][et_pb_slide heading=\u00a0\u00bbL&rsquo;\u00e9t\u00e9 est arriv\u00e9e!!!!\u00a0\u00bb button_text=\u00a0\u00bbClics\u00a0\u00bb button_link=\u00a0\u00bbhttps:\/\/lolicandle.fr\/?page_id=202&Prime; use_bg_overlay=\u00a0\u00bboff\u00a0\u00bb use_text_overlay=\u00a0\u00bbon\u00a0\u00bb text_overlay_color=\u00a0\u00bbrgba(44,228,232,0.65)\u00a0\u00bb _builder_version=\u00a0\u00bb4.27.4&Prime; _module_preset=\u00a0\u00bbdefault\u00a0\u00bb background_color=\u00a0\u00bbRGBA(255,255,255,0)\u00a0\u00bb background_enable_color=\u00a0\u00bbon\u00a0\u00bb background_image=\u00a0\u00bbhttps:\/\/lolicandle.fr\/wp-content\/uploads\/2025\/06\/055958ca-b79f-48b7-a873-e52dfa5fc2e51.jpeg\u00a0\u00bb background_enable_image=\u00a0\u00bbon\u00a0\u00bb custom_button=\u00a0\u00bbon\u00a0\u00bb button_text_color=\u00a0\u00bb#FFFFFF\u00a0\u00bb hover_enabled=\u00a0\u00bb0&Prime; border_color_all_image=\u00a0\u00bb#E32B73&Prime; global_colors_info=\u00a0\u00bb{}\u00a0\u00bb sticky_transition=\u00a0\u00bbon\u00a0\u00bb title_text=\u00a0\u00bbFLEUR DE TIARE 187X250&Prime; image=\u00a0\u00bbhttps:\/\/lolicandle.fr\/wp-content\/uploads\/2025\/06\/FLEUR-DE-TIARE-187X250.png\u00a0\u00bb sticky_enabled=\u00a0\u00bb0&Prime;]<\/p>\n<p>Nouvelle collection entre voyage et gourmandise<\/p>\n<p>[\/et_pb_slide][et_pb_slide heading=\u00a0\u00bbPlaisir d&rsquo;offrir\u00a0\u00bb button_text=\u00a0\u00bbClics\u00a0\u00bb button_link=\u00a0\u00bbhttps:\/\/lolicandle.fr\/?page_id=187&Prime; image=\u00a0\u00bbhttps:\/\/lolicandle.fr\/wp-content\/uploads\/2023\/12\/coffret-fondants-250-X-210.jpg\u00a0\u00bb use_text_overlay=\u00a0\u00bbon\u00a0\u00bb text_overlay_color=\u00a0\u00bb#000000&Prime; text_border_radius=\u00a0\u00bb0px\u00a0\u00bb _builder_version=\u00a0\u00bb4.27.4&Prime; _module_preset=\u00a0\u00bbdefault\u00a0\u00bb background_image=\u00a0\u00bbhttps:\/\/lolicandle.fr\/wp-content\/uploads\/2025\/06\/fa0ec304-5cfd-4f9f-83dd-1430e2d9ea5c1.jpeg\u00a0\u00bb background_enable_image=\u00a0\u00bbon\u00a0\u00bb hover_enabled=\u00a0\u00bb0&Prime; global_colors_info=\u00a0\u00bb{}\u00a0\u00bb sticky_transition=\u00a0\u00bbon\u00a0\u00bb title_text=\u00a0\u00bb_fa0ec304-5cfd-4f9f-83dd-1430e2d9ea5c%911%93&Prime; sticky_enabled=\u00a0\u00bb0&Prime;]<\/p>\n<p>Un anniversaire? Envie de faire plaisir? Ou simplement de se faire plaisir?<\/p>\n<p>[\/et_pb_slide][et_pb_slide heading=\u00a0\u00bbD\u00e9stockage\u00a0\u00bb button_text=\u00a0\u00bbClics\u00a0\u00bb button_link=\u00a0\u00bbhttps:\/\/lolicandle.fr\/?page_id=310&Prime; image=\u00a0\u00bbhttps:\/\/lolicandle.fr\/wp-content\/uploads\/2024\/03\/TRIO-FONDANTS-HIVER-267X300.png\u00a0\u00bb use_text_overlay=\u00a0\u00bbon\u00a0\u00bb text_overlay_color=\u00a0\u00bb#631467&Prime; text_border_radius=\u00a0\u00bb6px\u00a0\u00bb _builder_version=\u00a0\u00bb4.27.2&Prime; _module_preset=\u00a0\u00bbdefault\u00a0\u00bb background_image=\u00a0\u00bbhttps:\/\/lolicandle.fr\/wp-content\/uploads\/2024\/10\/139eebb9-e4c2-4dae-afa5-12fe5f826d04.jpeg\u00a0\u00bb background_enable_image=\u00a0\u00bbon\u00a0\u00bb background_repeat=\u00a0\u00bbrepeat\u00a0\u00bb global_colors_info=\u00a0\u00bb{}\u00a0\u00bb sticky_transition=\u00a0\u00bbon\u00a0\u00bb]<\/p>\n<p>Profitez de -20% sur une selection de produits!<\/p>\n<p>[\/et_pb_slide][\/et_pb_slider][\/et_pb_column][\/et_pb_row][et_pb_row column_structure=\u00a0\u00bb1_2,1_2&Prime; _builder_version=\u00a0\u00bb4.16&Prime; background_size=\u00a0\u00bbinitial\u00a0\u00bb background_position=\u00a0\u00bbtop_left\u00a0\u00bb background_repeat=\u00a0\u00bbrepeat\u00a0\u00bb global_colors_info=\u00a0\u00bb{}\u00a0\u00bb][et_pb_column type=\u00a0\u00bb1_2&Prime; _builder_version=\u00a0\u00bb4.16&Prime; custom_padding=\u00a0\u00bb|||\u00a0\u00bb global_colors_info=\u00a0\u00bb{}\u00a0\u00bb custom_padding__hover=\u00a0\u00bb|||\u00a0\u00bb][et_pb_image src=\u00a0\u00bbhttps:\/\/lolicandle.fr\/wp-content\/uploads\/2023\/11\/bougie-allumee-375&#215;500-1.jpg\u00a0\u00bb title_text=\u00a0\u00bbbougie allum\u00e9e 375&#215;500&Prime; align=\u00a0\u00bbcenter\u00a0\u00bb _builder_version=\u00a0\u00bb4.23.1&Prime; _module_preset=\u00a0\u00bbdefault\u00a0\u00bb global_colors_info=\u00a0\u00bb{}\u00a0\u00bb][\/et_pb_image][\/et_pb_column][et_pb_column type=\u00a0\u00bb1_2&Prime; _builder_version=\u00a0\u00bb4.23.1&Prime; _module_preset=\u00a0\u00bbdefault\u00a0\u00bb global_colors_info=\u00a0\u00bb{}\u00a0\u00bb][et_pb_text _builder_version=\u00a0\u00bb4.27.2&Prime; _module_preset=\u00a0\u00bbdefault\u00a0\u00bb text_font=\u00a0\u00bbCarattere||||||||\u00a0\u00bb text_font_size=\u00a0\u00bb30px\u00a0\u00bb background_color=\u00a0\u00bbRGBA(255,255,255,0)\u00a0\u00bb text_text_shadow_style=\u00a0\u00bbpreset3&Prime; text_text_shadow_color=\u00a0\u00bb#FFFFFF\u00a0\u00bb global_colors_info=\u00a0\u00bb{}\u00a0\u00bb]<\/p>\n<p><span style=\"color: #000000;\"><strong>\u00a0 \u00a0 \u00a0 Les bougies et fondants sont r\u00e9alis\u00e9s \u00e0 la main dans mon atelier situ\u00e9 \u00e0 Bolbec en seine maritime.<\/strong><\/span><br \/><span style=\"color: #000000;\"><strong>Je vous propose une autre fa\u00e7on de parfumer votre int\u00e9rieur avec des produits fran\u00e7ais pour bien d\u00e9marrer la journ\u00e9e ou apaiser votre soir\u00e9e apr\u00e8s une dure journ\u00e9e de travail.<\/strong><\/span><\/p>\n<p><span style=\"color: #000000;\"><strong>Avec des bougies et des fondants parfum\u00e9s sous toutes leurs formes \u00e0 base de cire v\u00e9g\u00e9tale ou min\u00e9ral (paraffine) sans OGM ni pesticides et non test\u00e9e sur les animaux, des parfums provenant de Grasse sp\u00e9cialement con\u00e7us pour cette utilisation<\/strong><\/span><\/p>\n<p><span style=\"color: #000000;\"><strong>Que faire de vos contenants \u00e0 bougies?<\/strong><\/span><\/p>\n<p><span style=\"color: #000000;\"><strong>Vous avez le choix entre r\u00e9utiliser votre pot pour y ranger des bijoux, des perles, des bonbons&#8230;<\/strong><\/span><\/p>\n<p><span style=\"color: #000000;\"><strong>Ou, dans un soucis de limiter la surconsommation, vous pouvez tout simplement me les ramener, ou me les renvoyer, je r\u00e9cup\u00e8re vos bocaux \u00e0 condition que l\u2019\u00e9tiquette avec la marque y soit encore moyennant une petite remise de 0,50\u20ac \u00e0 1 par pot lors de votre prochaine commande.<\/strong><\/span><\/p>\n<p><span style=\"color: #000000;\"><strong>Recommandation:<\/strong><\/span><\/p>\n<p><span style=\"color: #000000;\"><strong>Toujours mettre une sous tasse ou une petite assiette sous votre bougie ou br\u00fbleur afin d\u2019\u00e9viter d\u2019ab\u00eemer votre surface ou tout \u00e9ventuel d\u00e9bordement (surtout avec les bougies gourmandes)<\/strong><\/span><\/p>\n<p>[\/et_pb_text][\/et_pb_column][\/et_pb_row][\/et_pb_section]<\/p>\n","protected":false},"excerpt":{"rendered":"<p>Bienvenue chez LolicandleNouvelle collection entre voyage et gourmandiseUn anniversaire? Envie de faire plaisir? Ou simplement de se faire plaisir?Profitez de -20% sur une selection de produits!\u00a0 \u00a0 \u00a0 Les bougies et fondants sont r\u00e9alis\u00e9s \u00e0 la main dans mon atelier situ\u00e9 \u00e0 Bolbec en seine maritime.Je vous propose une autre fa\u00e7on de parfumer votre int\u00e9rieur [&hellip;]<\/p>\n","protected":false},"author":1,"featured_media":17,"parent":0,"menu_order":0,"comment_status":"closed","ping_status":"closed","template":"","meta":{"_et_pb_use_builder":"on","_et_pb_old_content":"Les bougies et fondants sont r\u00e9alis\u00e9s \u00e0 la main dans mon atelier situ\u00e9 \u00e0 Bolbec en seine maritime.\r\n\r\nJe vous propose une autre fa\u00e7on de parfumer votre int\u00e9rieur avec des produits fran\u00e7ais pour bien d\u00e9marrer la journ\u00e9e ou apaiser votre soir\u00e9e apr\u00e8s une dure journ\u00e9e de travail.\r\n\r\nAvec des bougies et des fondants parfum\u00e9s sous toutes leurs formes \u00e0 base de cire v\u00e9g\u00e9tale ou min\u00e9ral (paraffine) sans OGM ni pesticides et non test\u00e9e sur les animaux, des parfums provenant de Grasse sp\u00e9cialement con\u00e7us pour cette utilisation\r\n\r\nQue faire de vos contenants \u00e0 bougies ?\r\n\r\nVous avez le choix entre r\u00e9utiliser votre pot pour y ranger des bijoux, des perles, des bonbons ..\r\n\r\nOu, dans un soucis de limiter la surconsommation, vous pouvez tout simplement me les ramener, ou me les renvoyer, je r\u00e9cup\u00e8re vos bocaux \u00e0 condition que l'\u00e9tiquette avec la marque y soit encore moyennant une petite remise de 0,50\u20ac \u00e0 1 par pot lors de votre prochaine commande.\r\n\r\nRecommandation:\r\n\r\nToujours mettre une sous tasse ou une petite assiette sous votre bougie ou br\u00fbleur afin d\u2019\u00e9viter d\u2019ab\u00eemer votre surface ou tout \u00e9ventuel d\u00e9bordement (surtout avec les bougies gourmandes)","_et_gb_content_width":"","footnotes":""},"class_list":["post-16","page","type-page","status-publish","has-post-thumbnail","hentry"],"yoast_head":"<!-- This site is optimized with the Yoast SEO plugin v27.5 - https:\/\/yoast.com\/product\/yoast-seo-wordpress\/ -->\n<title>Accueil - Lolicandle<\/title>\n<meta name=\"description\" content=\"Parfum\u00e9e votre int\u00e9rieur avec nos bougies et fondants parfum\u00e9es fabriqu\u00e9s de fa\u00e7on artisanales en Normandie.\" \/>\n<meta name=\"robots\" content=\"index, follow, max-snippet:-1, max-image-preview:large, max-video-preview:-1\" \/>\n<link rel=\"canonical\" href=\"https:\/\/lolicandle.fr\/\" \/>\n<meta property=\"og:locale\" content=\"fr_FR\" \/>\n<meta property=\"og:type\" content=\"article\" \/>\n<meta property=\"og:title\" content=\"Accueil - Lolicandle\" \/>\n<meta property=\"og:description\" content=\"Parfum\u00e9e votre int\u00e9rieur avec nos bougies et fondants parfum\u00e9es fabriqu\u00e9s de fa\u00e7on artisanales en Normandie.\" \/>\n<meta property=\"og:url\" content=\"https:\/\/lolicandle.fr\/\" \/>\n<meta property=\"og:site_name\" content=\"Lolicandle\" \/>\n<meta property=\"article:modified_time\" content=\"2025-06-15T18:08:36+00:00\" \/>\n<meta property=\"og:image\" content=\"https:\/\/lolicandle.fr\/wp-content\/uploads\/2023\/10\/Screenshot_20231019-185956_Gallery.jpg\" \/>\n\t<meta property=\"og:image:width\" content=\"855\" \/>\n\t<meta property=\"og:image:height\" content=\"774\" \/>\n\t<meta property=\"og:image:type\" content=\"image\/jpeg\" \/>\n<meta name=\"twitter:card\" content=\"summary_large_image\" \/>\n<meta name=\"twitter:label1\" content=\"Dur\u00e9e de lecture estim\u00e9e\" \/>\n\t<meta name=\"twitter:data1\" content=\"2 minutes\" \/>\n<script type=\"application\/ld+json\" class=\"yoast-schema-graph\">{\"@context\":\"https:\\\/\\\/schema.org\",\"@graph\":[{\"@type\":\"WebPage\",\"@id\":\"https:\\\/\\\/lolicandle.fr\\\/\",\"url\":\"https:\\\/\\\/lolicandle.fr\\\/\",\"name\":\"Accueil - Lolicandle\",\"isPartOf\":{\"@id\":\"https:\\\/\\\/lolicandle.fr\\\/#website\"},\"primaryImageOfPage\":{\"@id\":\"https:\\\/\\\/lolicandle.fr\\\/#primaryimage\"},\"image\":{\"@id\":\"https:\\\/\\\/lolicandle.fr\\\/#primaryimage\"},\"thumbnailUrl\":\"https:\\\/\\\/lolicandle.fr\\\/wp-content\\\/uploads\\\/2023\\\/10\\\/Screenshot_20231019-185956_Gallery.jpg\",\"datePublished\":\"2023-10-31T14:03:37+00:00\",\"dateModified\":\"2025-06-15T18:08:36+00:00\",\"description\":\"Parfum\u00e9e votre int\u00e9rieur avec nos bougies et fondants parfum\u00e9es fabriqu\u00e9s de fa\u00e7on artisanales en Normandie.\",\"breadcrumb\":{\"@id\":\"https:\\\/\\\/lolicandle.fr\\\/#breadcrumb\"},\"inLanguage\":\"fr-FR\",\"potentialAction\":[{\"@type\":\"ReadAction\",\"target\":[\"https:\\\/\\\/lolicandle.fr\\\/\"]}]},{\"@type\":\"ImageObject\",\"inLanguage\":\"fr-FR\",\"@id\":\"https:\\\/\\\/lolicandle.fr\\\/#primaryimage\",\"url\":\"https:\\\/\\\/lolicandle.fr\\\/wp-content\\\/uploads\\\/2023\\\/10\\\/Screenshot_20231019-185956_Gallery.jpg\",\"contentUrl\":\"https:\\\/\\\/lolicandle.fr\\\/wp-content\\\/uploads\\\/2023\\\/10\\\/Screenshot_20231019-185956_Gallery.jpg\",\"width\":855,\"height\":774},{\"@type\":\"BreadcrumbList\",\"@id\":\"https:\\\/\\\/lolicandle.fr\\\/#breadcrumb\",\"itemListElement\":[{\"@type\":\"ListItem\",\"position\":1,\"name\":\"Accueil\",\"item\":\"https:\\\/\\\/lolicandle.fr\\\/\"},{\"@type\":\"ListItem\",\"position\":2,\"name\":\"Accueil\"}]},{\"@type\":\"WebSite\",\"@id\":\"https:\\\/\\\/lolicandle.fr\\\/#website\",\"url\":\"https:\\\/\\\/lolicandle.fr\\\/\",\"name\":\"Lolicandle\",\"description\":\"Bougies et fondants de fabrication artisanale\",\"potentialAction\":[{\"@type\":\"SearchAction\",\"target\":{\"@type\":\"EntryPoint\",\"urlTemplate\":\"https:\\\/\\\/lolicandle.fr\\\/?s={search_term_string}\"},\"query-input\":{\"@type\":\"PropertyValueSpecification\",\"valueRequired\":true,\"valueName\":\"search_term_string\"}}],\"inLanguage\":\"fr-FR\"}]}<\/script>\n<!-- \/ Yoast SEO plugin. -->","yoast_head_json":{"title":"Accueil - Lolicandle","description":"Parfum\u00e9e votre int\u00e9rieur avec nos bougies et fondants parfum\u00e9es fabriqu\u00e9s de fa\u00e7on artisanales en Normandie.","robots":{"index":"index","follow":"follow","max-snippet":"max-snippet:-1","max-image-preview":"max-image-preview:large","max-video-preview":"max-video-preview:-1"},"canonical":"https:\/\/lolicandle.fr\/","og_locale":"fr_FR","og_type":"article","og_title":"Accueil - Lolicandle","og_description":"Parfum\u00e9e votre int\u00e9rieur avec nos bougies et fondants parfum\u00e9es fabriqu\u00e9s de fa\u00e7on artisanales en Normandie.","og_url":"https:\/\/lolicandle.fr\/","og_site_name":"Lolicandle","article_modified_time":"2025-06-15T18:08:36+00:00","og_image":[{"width":855,"height":774,"url":"https:\/\/lolicandle.fr\/wp-content\/uploads\/2023\/10\/Screenshot_20231019-185956_Gallery.jpg","type":"image\/jpeg"}],"twitter_card":"summary_large_image","twitter_misc":{"Dur\u00e9e de lecture estim\u00e9e":"2 minutes"},"schema":{"@context":"https:\/\/schema.org","@graph":[{"@type":"WebPage","@id":"https:\/\/lolicandle.fr\/","url":"https:\/\/lolicandle.fr\/","name":"Accueil - Lolicandle","isPartOf":{"@id":"https:\/\/lolicandle.fr\/#website"},"primaryImageOfPage":{"@id":"https:\/\/lolicandle.fr\/#primaryimage"},"image":{"@id":"https:\/\/lolicandle.fr\/#primaryimage"},"thumbnailUrl":"https:\/\/lolicandle.fr\/wp-content\/uploads\/2023\/10\/Screenshot_20231019-185956_Gallery.jpg","datePublished":"2023-10-31T14:03:37+00:00","dateModified":"2025-06-15T18:08:36+00:00","description":"Parfum\u00e9e votre int\u00e9rieur avec nos bougies et fondants parfum\u00e9es fabriqu\u00e9s de fa\u00e7on artisanales en Normandie.","breadcrumb":{"@id":"https:\/\/lolicandle.fr\/#breadcrumb"},"inLanguage":"fr-FR","potentialAction":[{"@type":"ReadAction","target":["https:\/\/lolicandle.fr\/"]}]},{"@type":"ImageObject","inLanguage":"fr-FR","@id":"https:\/\/lolicandle.fr\/#primaryimage","url":"https:\/\/lolicandle.fr\/wp-content\/uploads\/2023\/10\/Screenshot_20231019-185956_Gallery.jpg","contentUrl":"https:\/\/lolicandle.fr\/wp-content\/uploads\/2023\/10\/Screenshot_20231019-185956_Gallery.jpg","width":855,"height":774},{"@type":"BreadcrumbList","@id":"https:\/\/lolicandle.fr\/#breadcrumb","itemListElement":[{"@type":"ListItem","position":1,"name":"Accueil","item":"https:\/\/lolicandle.fr\/"},{"@type":"ListItem","position":2,"name":"Accueil"}]},{"@type":"WebSite","@id":"https:\/\/lolicandle.fr\/#website","url":"https:\/\/lolicandle.fr\/","name":"Lolicandle","description":"Bougies et fondants de fabrication artisanale","potentialAction":[{"@type":"SearchAction","target":{"@type":"EntryPoint","urlTemplate":"https:\/\/lolicandle.fr\/?s={search_term_string}"},"query-input":{"@type":"PropertyValueSpecification","valueRequired":true,"valueName":"search_term_string"}}],"inLanguage":"fr-FR"}]}},"_links":{"self":[{"href":"https:\/\/lolicandle.fr\/index.php?rest_route=\/wp\/v2\/pages\/16","targetHints":{"allow":["GET"]}}],"collection":[{"href":"https:\/\/lolicandle.fr\/index.php?rest_route=\/wp\/v2\/pages"}],"about":[{"href":"https:\/\/lolicandle.fr\/index.php?rest_route=\/wp\/v2\/types\/page"}],"author":[{"embeddable":true,"href":"https:\/\/lolicandle.fr\/index.php?rest_route=\/wp\/v2\/users\/1"}],"replies":[{"embeddable":true,"href":"https:\/\/lolicandle.fr\/index.php?rest_route=%2Fwp%2Fv2%2Fcomments&post=16"}],"version-history":[{"count":64,"href":"https:\/\/lolicandle.fr\/index.php?rest_route=\/wp\/v2\/pages\/16\/revisions"}],"predecessor-version":[{"id":972,"href":"https:\/\/lolicandle.fr\/index.php?rest_route=\/wp\/v2\/pages\/16\/revisions\/972"}],"wp:featuredmedia":[{"embeddable":true,"href":"https:\/\/lolicandle.fr\/index.php?rest_route=\/wp\/v2\/media\/17"}],"wp:attachment":[{"href":"https:\/\/lolicandle.fr\/index.php?rest_route=%2Fwp%2Fv2%2Fmedia&parent=16"}],"curies":[{"name":"wp","href":"https:\/\/api.w.org\/{rel}","templated":true}]}}